{"id":647,"date":"2021-03-29T02:13:52","date_gmt":"2021-03-29T02:13:52","guid":{"rendered":"http:\/\/localhost\/nuss\/?page_id=647"},"modified":"2025-12-04T08:53:26","modified_gmt":"2025-12-04T08:53:26","slug":"servizi","status":"publish","type":"page","link":"https:\/\/beijingwandavistahotel.com\/it\/services\/","title":{"rendered":"Servizi"},"content":{"rendered":"<div data-elementor-type=\"wp-page\" data-elementor-id=\"647\" class=\"elementor elementor-647\">\n\t\t\t\t\t\t<section class=\"elementor-section elementor-top-section elementor-element elementor-element-3353bc8 elementor-section-boxed elementor-section-gap-beside-yes elementor-section-height-default elementor-section-height-default elementor-section-column-vertical-align-stretch\" data-id=\"3353bc8\" data-element_type=\"section\" data-e-type=\"section\">\n\t\t\t\t\t\t<div class=\"elementor-container elementor-column-gap-extended\">\n\t\t\t\t\t<div class=\"elementor-column elementor-col-100 elementor-top-column elementor-element elementor-element-0a2bc64\" data-id=\"0a2bc64\" data-element_type=\"column\" data-e-type=\"column\">\n\t\t\t<div class=\"elementor-widget-wrap elementor-element-populated\">\n\t\t\t\t\t\t<div class=\"elementor-element elementor-element-447e3ef elementor-widget__width-initial elementor-invisible elementor-widget elementor-widget-text-editor\" data-id=\"447e3ef\" data-element_type=\"widget\" data-e-type=\"widget\" data-settings=\"{&quot;_animation&quot;:&quot;nussFadeInUp&quot;}\" data-widget_type=\"text-editor.default\">\n\t\t\t\t\t\t\t\t\tServizi eccezionali al Beijing Wanda Vista Hotel: l&#039;arte dell&#039;ospitalit\u00e0 si eleva nel quartiere centrale degli affari di Pechino  \t\t\t\t\t\t\t\t<\/div>\n\t\t\t\t\t<\/div>\n\t\t<\/div>\n\t\t\t\t\t<\/div>\n\t\t<\/section>\n\t\t<div class=\"elementor-element elementor-element-05314a8 e-flex e-con-boxed e-con e-parent\" data-id=\"05314a8\" data-element_type=\"container\" data-e-type=\"container\">\n\t\t\t\t\t<div class=\"e-con-inner\">\n\t\t\t\t<div class=\"elementor-element elementor-element-6612c14 elementor-widget elementor-widget-text-editor\" data-id=\"6612c14\" data-element_type=\"widget\" data-e-type=\"widget\" data-widget_type=\"text-editor.default\">\n\t\t\t\t\t\t\t\t\t<p>A <strong>Hotel Wanda Vista di Pechino <\/strong>, situato a <strong>Tower C, Wanda Plaza, 93 Jianguo Road, distretto di Chaoyang, Pechino, Cina (100022) <\/strong>, il servizio \u00e8 pi\u00f9 di una promessa: \u00e8 una filosofia. Come parte del prestigioso <strong>Marchio Wanda Vista <\/strong>, questo hotel a cinque stelle si rivolge a <strong>\u00e9lite urbane che apprezzano i servizi straordinari <\/strong> Un&#039;elegante combinazione di tradizione orientale e raffinatezza moderna. Che siate in viaggio d&#039;affari o di piacere, ogni aspetto del vostro soggiorno \u00e8 curato con cura per garantire comfort, efficienza e piacere.<\/p><p>Perfettamente situato nel cuore di <strong>Distretto centrale degli affari di Pechino (CBD) <\/strong>, l&#039;hotel funge sia da rifugio di lusso che da centro professionale. Con la sua perfetta integrazione di <strong>ospitalit\u00e0 di alto livello, tecnologia all&#039;avanguardia e attenzione personalizzata <\/strong>, il Beijing Wanda Vista Hotel \u00e8 rapidamente diventato uno degli indirizzi pi\u00f9 ambiti della citt\u00e0 dai viaggiatori pi\u00f9 esigenti.<\/p><div class=\"py-2 my-3\"><hr \/><\/div><h2>\ud83e\uddf3 Arrivo e partenza: un&#039;esperienza senza intoppi<\/h2><p>Dal momento del tuo arrivo, sarai accolto da un team formato per anticipare le tue esigenze prima ancora che tu le esprima. La reception \u00e8 aperta <strong>24\/7 <\/strong>, offrendo supporto multilingue per garantire check-in senza intoppi e assistenza efficiente a qualsiasi ora. Gli ospiti apprezzano la capacit\u00e0 dell&#039;hotel di soddisfare <strong>check-in anticipati e check-out posticipati <\/strong> quando possibile, il che lo rende ideale per i viaggiatori con orari flessibili o voli di prima mattina.<\/p><p>All&#039;arrivo, l&#039;assistenza bagagli garantisce che i vostri effetti personali vengano consegnati in camera in tutta sicurezza e senza ritardi. Per chi parte pi\u00f9 tardi nel corso della giornata, <strong>deposito bagagli sicuro <\/strong> \u00e8 disponibile per consentirti di esplorare Pechino senza preoccupazioni prima della tua partenza definitiva.<\/p><div class=\"py-2 my-3\"><hr \/><\/div><h2>\ud83d\udece\ufe0f Servizi personalizzati per gli ospiti: andare oltre ogni limite<\/h2><p>Il segno distintivo del Beijing Wanda Vista Hotel risiede nel suo <strong>servizi personalizzati per gli ospiti <\/strong>, progettato per far sentire ogni visitatore un VIP:<\/p><h3>\ud83c\udf0d Concierge multilingue<\/h3><p>Con molti ospiti internazionali che soggiornano nell&#039;hotel, il <strong>team di concierge multilingue <\/strong> gioca un ruolo cruciale nel migliorare l&#039;esperienza degli ospiti. Fluente in <strong>Mandarino, inglese e altre lingue principali <\/strong>, il personale pu\u00f2 fornire assistenza per ogni necessit\u00e0, dalle prenotazioni di ristoranti ed eventi culturali alle richieste di visto e all&#039;organizzazione di viaggi.<\/p><p>Gli ospiti spesso lodano il <strong>concierge per la loro competenza locale <\/strong>, consigliando gemme nascoste a Sanlitun, aiutando a prenotare biglietti per spettacoli o organizzando tour privati dei monumenti iconici di Pechino come il <strong>Citt\u00e0 Proibita, Palazzo d&#039;Estate e Grande Muraglia <\/strong>.<\/p><h3>\ud83d\udcc5 Organizzazione di viaggi ed eventi<\/h3><p>Che tu stia partecipando a un <strong>riunione aziendale presso la sede centrale della CCTV <\/strong>, una funzione diplomatica o un matrimonio in una delle sale per banchetti dell&#039;hotel, il nostro team garantisce che tutti i dettagli siano gestiti senza intoppi. Da <strong>coordinamento dei trasporti per itinerari personalizzati <\/strong>, facciamo il possibile e l&#039;impossibile per creare esperienze indimenticabili su misura per i tuoi impegni e le tue preferenze.<\/p><p>Per i viaggiatori d&#039;affari, questo include:<\/p><ul><li><strong>Allestimento della sala riunioni e supporto tecnico <\/strong><\/li><li><strong>Stampa, fax e preparazione dei documenti <\/strong><\/li><li><strong>Servizi di interpretazione e traduzione linguistica <\/strong><\/li><\/ul><h3>\ud83c\udf81 Richieste in camera e occasioni speciali<\/h3><p>Vuoi festeggiare un compleanno, un anniversario o concludere un affare importante? Lascia che ti aiutiamo a renderlo speciale con:<\/p><ul><li>Composizioni floreali e servizio champagne<\/li><li>Decorazioni personalizzate per le stanze<\/li><li>Esperienze di ristorazione private in camera o in lounge esclusive<\/li><li>Regali a sorpresa e omaggi di benvenuto<\/li><\/ul><p>Tutto quello che devi fare \u00e8 chiedere: al resto pensiamo noi con discrezione e cura.<\/p><div class=\"py-2 my-3\"><hr \/><\/div><h2>\ud83c\udfe8 Servizi in camera e suite: progettati per il comfort e la praticit\u00e0<\/h2><p>Ogni camera e suite del Beijing Wanda Vista Hotel \u00e8 un&#039;oasi di moderna eleganza, con un design intuitivo e servizi all&#039;avanguardia. <strong>417 camere distribuite su 27 piani <\/strong>, compreso <strong>Camere Deluxe, Suite Executive e Suite Speciali <\/strong>, l&#039;hotel garantisce un ambiente lussuoso ma funzionale sia per soggiorni brevi che per visite pi\u00f9 lunghe.<\/p><h3>\ud83d\udecb\ufe0f Servizi di pulizia e manutenzione<\/h3><p>Il servizio di pulizia giornaliero garantisce che la vostra camera rimanga impeccabile e ben fornita. Per qualsiasi necessit\u00e0, da cuscini extra a riparazioni urgenti, i nostri team di manutenzione e pulizia intervengono con rapidit\u00e0 e discrezione. \u00c8 disponibile il cambio della biancheria. <strong>ogni due giorni <\/strong>, mentre gli asciugamani vengono sostituiti quotidianamente, garantendo pulizia e comfort costanti.<\/p><h3>\ud83d\udd0c Stanze con tecnologia integrata<\/h3><p>Ogni camera dispone di:<\/p><ul><li><strong>Wi-Fi ad alta velocit\u00e0 <\/strong> con opzioni di larghezza di banda premium<\/li><li><strong>Pannelli di controllo intelligenti <\/strong> per l&#039;illuminazione, la temperatura e le tende<\/li><li><strong>Porte di ricarica USB-C e USB-A <\/strong><\/li><li><strong>Altoparlanti abilitati Bluetooth <\/strong> e tecnologia di cancellazione del rumore<\/li><\/ul><p>Queste caratteristiche rendono l&#039;hotel particolarmente attraente per i nomadi digitali, i lavoratori da remoto e i viaggiatori frequenti che richiedono una connettivit\u00e0 impeccabile e un&#039;integrazione tecnologica intuitiva.<\/p><h3>\ud83e\uddfc Lavanderia e lavaggio a secco<\/h3><p>\u00c8 disponibile un servizio di lavanderia express gratuito per articoli selezionati, mentre il lavaggio a secco completo \u00e8 disponibile a un costo aggiuntivo. Gli ordini effettuati al mattino presto possono spesso essere restituiti il giorno stesso, permettendo agli ospiti di viaggiare leggeri e freschi per tutta la durata del soggiorno.<\/p><div class=\"py-2 my-3\"><hr \/><\/div><h2>\ud83c\udf7d\ufe0f Servizi culinari: dal caff\u00e8 mattutino alla cena gourmet<\/h2><p>Il cibo gioca un ruolo centrale nell&#039;esperienza degli ospiti al Beijing Wanda Vista Hotel. La nostra offerta culinaria riflette la natura cosmopolita del CBD, proponendo sia i sapori tradizionali cinesi che le specialit\u00e0 internazionali.<\/p><h3>\u2615 Servizio in camera<\/h3><p>Disponibile <strong>24 ore al giorno <\/strong>, Nostro <strong>men\u00f9 del servizio in camera <\/strong> Il menu comprende di tutto, da snack leggeri e pasti dedicati al benessere a sostanziosi piatti principali e dessert. Gli ospiti possono ordinare tramite tablet o app in camera, con consegna entro 30 minuti.<\/p><h3>\ud83e\udd58 Servizi di ristorazione e bar<\/h3><p>L&#039;hotel ospita numerosi ristoranti pluripremiati:<\/p><ul><li><strong>Cucina Yuehua <\/strong>: Serve autentica cucina regionale cinese, con zuppe di stagione e dim sum che rendono omaggio alle radici culinarie di Pechino<\/li><li><strong>Wan Come <\/strong>: Un ristorante esclusivo specializzato in arrosti e grigliate che offre anatra alla pechinese, spiedini di agnello e frutti di mare preparati con tecniche tradizionali<\/li><li><strong>Caff\u00e8 Vista <\/strong>: Un locale aperto tutto il giorno che offre buffet internazionali, postazioni di cucina dal vivo e t\u00e8 e caff\u00e8 speciali.<\/li><\/ul><p>I ristoranti sono elogiati per la loro <strong>variet\u00e0, qualit\u00e0 e atmosfera vivace ma confortevole <\/strong>, rendendoli popolari sia tra gli ospiti dell&#039;hotel che tra i professionisti locali.<\/p><h3>\ud83c\udf89 Ristorazione privata e catering<\/h3><p>Per celebrazioni intime o eventi aziendali esclusivi, l&#039;hotel offre <strong>sale da pranzo semi-private e completamente private <\/strong> Dotato di men\u00f9 personalizzati e servizio dedicato. Sono disponibili anche servizi di catering aziendale per meeting e congressi ospitati in hotel.<\/p><div class=\"py-2 my-3\"><hr \/><\/div><h2>\ud83d\udcbc Servizi aziendali e congressuali: supporto all&#039;eccellenza professionale<\/h2><p>Come hotel di punta di Pechino <strong>distretto finanziario e diplomatico <\/strong>Il Beijing Wanda Vista Hotel offre servizi business completi, pensati appositamente per professionisti di alto livello.<\/p><h3>\ud83d\udce2 Sale riunioni ed eventi<\/h3><p>L&#039;hotel dispone di molteplici <strong>sale riunioni, sale di rappresentanza e lounge di co-working <\/strong>, ciascuna dotata di:<\/p><ul><li>Internet ad alta velocit\u00e0<\/li><li>Proiettori intelligenti e display LED<\/li><li>Pareti insonorizzate<\/li><li>Illuminazione e climatizzazione regolabili<\/li><\/ul><p>Questi spazi sono ideali per riunioni di piccoli gruppi, conferenze stampa, sessioni di formazione ed eventi di networking.<\/p><h3>\ud83d\udda8\ufe0f Centro Affari<\/h3><p>Un completamente funzionale <strong>centro commerciale <\/strong> \u00e8 disponibile per viaggiatori indipendenti che necessitano di:<\/p><ul><li>Postazioni computer con suite Microsoft Office<\/li><li>Stampa, scansione, copia e fax<\/li><li>Stazioni di ricarica e prese universali<\/li><li>Supporto di segreteria su richiesta<\/li><\/ul><p>Il nostro personale pu\u00f2 assistervi nella preparazione di documenti, nell&#039;invio di e-mail o nell&#039;organizzazione di stampe urgenti.<\/p><div class=\"py-2 my-3\"><hr \/><\/div><h2>\ud83e\uddd8\u200d\u2640\ufe0f Servizi per il benessere e il tempo libero: ricarica il tuo corpo e la tua mente<\/h2><p>Anche se il lavoro ti porta a Pechino, i nostri servizi benessere ti assicureranno di non dimenticare di prenderti cura di te stesso durante il viaggio.<\/p><h3>\ud83c\udfc3\u200d\u2642\ufe0f Centro fitness<\/h3><p>Aprire <strong>24\/7 <\/strong>, il centro fitness \u00e8 dotato di:<\/p><ul><li>Tapis roulant, ellittiche e cyclette<\/li><li>Pesi liberi e fasce di resistenza<\/li><li>Tappetini yoga e zone di stretching<\/li><li>Specchietti intelligenti e sistemi di guida audio<\/li><\/ul><p>Spesso elogiato per il suo <strong>pulizia e variet\u00e0 delle attrezzature <\/strong>, la palestra supporta i tuoi obiettivi di salute, che tu sia un maratoneta o che tu voglia semplicemente fare stretching dopo un lungo volo.<\/p><h3>\ud83e\uddd6\u200d\u2642\ufe0f Servizi di Spa e Massaggi<\/h3><p>Sebbene non sia gestito direttamente dall&#039;hotel, collaboriamo con centri benessere nelle vicinanze per offrire <strong>massaggi terapeutici, trattamenti per il viso e terapie per il corpo <\/strong>Questi servizi sono perfetti per rilassarsi dopo una lunga giornata di riunioni o di visite turistiche.<\/p><div class=\"py-2 my-3\"><hr \/><\/div><h2>\ud83d\udce6 Servizi aggiuntivi: attenzioni premurose per ogni soggiorno<\/h2><p>Oltre ai servizi principali, l&#039;hotel offre una serie di servizi extra studiati per migliorare l&#039;esperienza degli ospiti:<\/p><h3>\ud83d\ude97 Trasporti e parcheggi<\/h3><p>Gli ospiti che arrivano in auto possono usufruire di un parcheggio sotterraneo custodito. Per chi si affida ai mezzi pubblici, l&#039;hotel \u00e8 a soli <strong>3 minuti a piedi dalla stazione di Dawanglu (linea 1) <\/strong>, garantendo un facile accesso alle zone chiave di Pechino.<\/p><p>Offriamo anche <strong>coordinamento dei trasferimenti aeroportuali <\/strong> tramite partner fidati, garantendo un viaggio senza stress da e per l&#039;hotel.<\/p><h3>\ud83d\udcf2 Integrazione digitale<\/h3><p>L&#039;hotel adotta un&#039;ospitalit\u00e0 intelligente attraverso app mobili e interfacce digitali che consentono agli ospiti di:<\/p><ul><li>Impostazioni della sala di controllo da remoto<\/li><li>Ordina cibo e servizi<\/li><li>Accedi alle chiavi digitali e fai il check-in online<\/li><li>Richiedi assistenza immediata tramite chat<\/li><\/ul><p>Questo approccio tecnologicamente avanzato garantisce un&#039;esperienza personalizzata e impeccabile fin dal momento della prenotazione.<\/p><h3>\ud83e\uddf8 Servizi per famiglie<\/h3><p>Viaggi con bambini? L&#039;hotel accoglie le famiglie con:<\/p><ul><li>Biancheria da letto extra e articoli da toeletta adatti ai bambini<\/li><li>Aree gioco e men\u00f9 per bambini<\/li><li>Parchi e attrazioni per famiglie nelle vicinanze<\/li><\/ul><p>I genitori apprezzano l&#039;hotel <strong>spazi ampi e servizio attento <\/strong>, rendendolo ideale per soggiorni multigenerazionali.<\/p><div class=\"py-2 my-3\"><hr \/><\/div><h2>\ud83e\uddf9 Sostenibilit\u00e0 e coinvolgimento della comunit\u00e0<\/h2><p>Oltre ai servizi rivolti agli ospiti, il Beijing Wanda Vista Hotel si impegna a promuovere un turismo responsabile e a coinvolgere la comunit\u00e0. Adottiamo pratiche sostenibili come:<\/p><ul><li>Sistemi di illuminazione a risparmio energetico e di risparmio idrico<\/li><li>Politica di riduzione della plastica monouso<\/li><li>Sostegno agli artigiani locali e alle iniziative verdi<\/li><\/ul><p>Gli ospiti sono incoraggiati a partecipare a programmi ecosostenibili durante il loro soggiorno, tra cui opzioni di trasporto ecologico e laboratori culturali organizzati in collaborazione con organizzazioni locali.<\/p><div class=\"py-2 my-3\"><hr \/><\/div><h2>\u2728 Considerazioni finali: un servizio che ti fa sentire a casa<\/h2><p>Al Beijing Wanda Vista Hotel, il servizio non consiste solo nel soddisfare le aspettative, ma anche nel superarle in modi significativi e memorabili. Che siate qui per una conferenza di una settimana, una fuga romantica o un&#039;avventura in solitaria, il nostro team lavora instancabilmente per garantire che il vostro soggiorno con noi sia il pi\u00f9 semplice e piacevole possibile.<\/p><p data-spm-anchor-id=\"a2ty_o01.29997173.0.i78.54d8c921Is5liz\">Dal sorriso caloroso alla reception alla tazza di t\u00e8 preparata alla perfezione e consegnata direttamente a casa tua, ogni servizio che offriamo \u00e8 intriso di scopo, cultura e profondo rispetto per i nostri ospiti.<\/p>\t\t\t\t\t\t\t\t<\/div>\n\t\t\t\t\t<\/div>\n\t\t\t\t<\/div>\n\t\t\t\t<\/div>","protected":false},"excerpt":{"rendered":"<p>Exceptional Services at Beijing Wanda Vista Hotel \u2013 Elevating the Art of Hospitality in Beijing\u2019s Central Business District At Beijing Wanda Vista Hotel , located at Tower C, Wanda Plaza, 93 Jianguo Road, Chaoyang District, Beijing, China (100022) , service is more than a promise\u2014it&#8217;s a philosophy. As part of the prestigious Wanda Vista brand [&hellip;]<\/p>\n","protected":false},"author":1,"featured_media":0,"parent":0,"menu_order":0,"comment_status":"closed","ping_status":"closed","template":"","meta":{"footnotes":""},"class_list":["post-647","page","type-page","status-publish","hentry","post-no-thumbnail"],"_links":{"self":[{"href":"https:\/\/beijingwandavistahotel.com\/it\/wp-json\/wp\/v2\/pages\/647","targetHints":{"allow":["GET"]}}],"collection":[{"href":"https:\/\/beijingwandavistahotel.com\/it\/wp-json\/wp\/v2\/pages"}],"about":[{"href":"https:\/\/beijingwandavistahotel.com\/it\/wp-json\/wp\/v2\/types\/page"}],"author":[{"embeddable":true,"href":"https:\/\/beijingwandavistahotel.com\/it\/wp-json\/wp\/v2\/users\/1"}],"replies":[{"embeddable":true,"href":"https:\/\/beijingwandavistahotel.com\/it\/wp-json\/wp\/v2\/comments?post=647"}],"version-history":[{"count":0,"href":"https:\/\/beijingwandavistahotel.com\/it\/wp-json\/wp\/v2\/pages\/647\/revisions"}],"wp:attachment":[{"href":"https:\/\/beijingwandavistahotel.com\/it\/wp-json\/wp\/v2\/media?parent=647"}],"curies":[{"name":"wp","href":"https:\/\/api.w.org\/{rel}","templated":true}]}}