{"id":612,"date":"2021-03-26T10:04:13","date_gmt":"2021-03-26T10:04:13","guid":{"rendered":"http:\/\/localhost\/nuss\/?page_id=612"},"modified":"2025-12-04T08:53:11","modified_gmt":"2025-12-04T08:53:11","slug":"restaurant","status":"publish","type":"page","link":"https:\/\/beijingwandavistahotel.com\/fr\/restaurant\/","title":{"rendered":"Restaurant"},"content":{"rendered":"<div data-elementor-type=\"wp-page\" data-elementor-id=\"612\" class=\"elementor elementor-612\">\n\t\t\t\t\t\t<section class=\"elementor-section elementor-top-section elementor-element elementor-element-e2effe8 elementor-section-boxed elementor-section-gap-beside-yes elementor-section-height-default elementor-section-height-default elementor-section-column-vertical-align-stretch\" data-id=\"e2effe8\" data-element_type=\"section\" data-e-type=\"section\">\n\t\t\t\t\t\t<div class=\"elementor-container elementor-column-gap-extended\">\n\t\t\t\t\t<div class=\"elementor-column elementor-col-100 elementor-top-column elementor-element elementor-element-e18f688\" data-id=\"e18f688\" data-element_type=\"column\" data-e-type=\"column\">\n\t\t\t<div class=\"elementor-widget-wrap elementor-element-populated\">\n\t\t\t\t\t\t<div class=\"elementor-element elementor-element-6db146d elementor-widget__width-initial elementor-invisible elementor-widget elementor-widget-text-editor\" data-id=\"6db146d\" data-element_type=\"widget\" data-e-type=\"widget\" data-settings=\"{&quot;_animation&quot;:&quot;nussFadeInUp&quot;}\" data-widget_type=\"text-editor.default\">\n\t\t\t\t\t\t\t\t\t<p data-spm-anchor-id=\"a2ty_o01.29997173.0.i33.54d8c921Is5liz\">D\u00e9couvrez l&#039;art de la gastronomie chez <strong>H\u00f4tel Wanda Vista \u00e0 P\u00e9kin <\/strong>, o\u00f9 l&#039;excellence culinaire rencontre l&#039;ambiance \u00e9l\u00e9gante au c\u0153ur du quartier anim\u00e9 de P\u00e9kin <strong>Quartier central des affaires (CBD) <\/strong>. Situ\u00e9 \u00e0 <strong>Tour C, Wanda Plaza, 93 Jianguo Road, district de Chaoyang (100022) <\/strong>, cet h\u00f4tel cinq \u00e9toiles est non seulement connu pour ses h\u00e9bergements luxueux, mais aussi pour sa gamme exceptionnelle de <strong>restaurants, caf\u00e9s et salons <\/strong> qui s&#039;adressent aux palais locaux et internationaux.<\/p><p data-spm-anchor-id=\"a2ty_o01.29997173.0.i34.54d8c921Is5liz\">Que vous soyez un client de l&#039;h\u00f4tel souhaitant savourer un petit-d\u00e9jeuner gastronomique avant une journ\u00e9e de r\u00e9unions ou un visiteur \u00e0 la recherche d&#039;une exp\u00e9rience culinaire inoubliable en soir\u00e9e, le <strong>Restaurants et bars \u00e0 l&#039;h\u00f4tel Wanda Vista de P\u00e9kin <\/strong> promettent un voyage \u00e0 travers la saveur, la culture et l&#039;innovation<\/p>\t\t\t\t\t\t\t\t<\/div>\n\t\t\t\t\t<\/div>\n\t\t<\/div>\n\t\t\t\t\t<\/div>\n\t\t<\/section>\n\t\t<div class=\"elementor-element elementor-element-dbb80dc e-flex e-con-boxed e-con e-parent\" data-id=\"dbb80dc\" data-element_type=\"container\" data-e-type=\"container\">\n\t\t\t\t\t<div class=\"e-con-inner\">\n\t\t\t\t<div class=\"elementor-element elementor-element-839aef1 elementor-widget elementor-widget-nuss-image-gallery\" data-id=\"839aef1\" data-element_type=\"widget\" data-e-type=\"widget\" data-widget_type=\"nuss-image-gallery.default\">\n\t\t\t\t<div class=\"elementor-widget-container\">\n\t\t\t\t\t\t\t<div class=\"nuss-grid-wrapper\" data-grid=\"{&quot;type&quot;:&quot;grid&quot;,&quot;ratio&quot;:null,&quot;columns&quot;:3,&quot;gutter&quot;:30}\">\r\n\t\t\t<div class=\"nuss-grid lazy-grid\">\r\n\t\t\t\t<div class=\"grid-sizer\"><\/div>\r\n\r\n\t\t\t\t\t\t\t\t\t\t\t\t<div class=\"grid-item\">\r\n\t\t\t\t\t\t<div class=\"nuss-box\">\t\t<div class=\"nuss-image image\">\r\n\t\t\t<img decoding=\"async\"  src=\"https:\/\/beijingwandavistahotel.com\/wp-content\/uploads\/2025\/07\/Beijing-Wanda-Vista-Hotel-58.webp\" alt=\"H\u00f4tel Wanda Vista \u00e0 P\u00e9kin (58)\" \/>\t\t<\/div>\r\n\t\t\t\t<\/div>\t\t\t\t\t<\/div>\r\n\t\t\t\t\t\t<div class=\"grid-item\">\r\n\t\t\t\t\t\t<div class=\"nuss-box\">\t\t<div class=\"nuss-image image\">\r\n\t\t\t<img decoding=\"async\"  src=\"https:\/\/beijingwandavistahotel.com\/wp-content\/uploads\/2025\/07\/Beijing-Wanda-Vista-Hotel-56.webp\" alt=\"H\u00f4tel Wanda Vista \u00e0 P\u00e9kin (56)\" \/>\t\t<\/div>\r\n\t\t\t\t<\/div>\t\t\t\t\t<\/div>\r\n\t\t\t\t\t\t<div class=\"grid-item\">\r\n\t\t\t\t\t\t<div class=\"nuss-box\">\t\t<div class=\"nuss-image image\">\r\n\t\t\t<img decoding=\"async\"  src=\"https:\/\/beijingwandavistahotel.com\/wp-content\/uploads\/2025\/07\/Beijing-Wanda-Vista-Hotel-55.webp\" alt=\"H\u00f4tel Wanda Vista \u00e0 P\u00e9kin (55)\" \/>\t\t<\/div>\r\n\t\t\t\t<\/div>\t\t\t\t\t<\/div>\r\n\t\t\t\t\t\t<div class=\"grid-item\">\r\n\t\t\t\t\t\t<div class=\"nuss-box\">\t\t<div class=\"nuss-image image\">\r\n\t\t\t<img decoding=\"async\"  src=\"https:\/\/beijingwandavistahotel.com\/wp-content\/uploads\/2025\/07\/Beijing-Wanda-Vista-Hotel-52.webp\" alt=\"H\u00f4tel Wanda Vista \u00e0 P\u00e9kin (52)\" \/>\t\t<\/div>\r\n\t\t\t\t<\/div>\t\t\t\t\t<\/div>\r\n\t\t\t\t\t\t<div class=\"grid-item\">\r\n\t\t\t\t\t\t<div class=\"nuss-box\">\t\t<div class=\"nuss-image image\">\r\n\t\t\t<img decoding=\"async\"  src=\"https:\/\/beijingwandavistahotel.com\/wp-content\/uploads\/2025\/07\/Beijing-Wanda-Vista-Hotel-49.webp\" alt=\"H\u00f4tel Wanda Vista \u00e0 P\u00e9kin (49)\" \/>\t\t<\/div>\r\n\t\t\t\t<\/div>\t\t\t\t\t<\/div>\r\n\t\t\t\t\t\t<div class=\"grid-item\">\r\n\t\t\t\t\t\t<div class=\"nuss-box\">\t\t<div class=\"nuss-image image\">\r\n\t\t\t<img decoding=\"async\"  src=\"https:\/\/beijingwandavistahotel.com\/wp-content\/uploads\/2025\/07\/Beijing-Wanda-Vista-Hotel-65.webp\" alt=\"H\u00f4tel Wanda Vista \u00e0 P\u00e9kin (65)\" \/>\t\t<\/div>\r\n\t\t\t\t<\/div>\t\t\t\t\t<\/div>\r\n\t\t\t\t\t\t\t\r\n\t\t\t<\/div>\r\n\t\t<\/div>\r\n\t\t\t\t\t\t<\/div>\n\t\t\t\t<\/div>\n\t\t\t\t\t<\/div>\n\t\t\t\t<\/div>\n\t\t<div class=\"elementor-element elementor-element-d0603cd e-flex e-con-boxed e-con e-parent\" data-id=\"d0603cd\" data-element_type=\"container\" data-e-type=\"container\">\n\t\t\t\t\t<div class=\"e-con-inner\">\n\t\t\t\t<div class=\"elementor-element elementor-element-613be68 elementor-widget elementor-widget-text-editor\" data-id=\"613be68\" data-element_type=\"widget\" data-e-type=\"widget\" data-widget_type=\"text-editor.default\">\n\t\t\t\t\t\t\t\t\t<p data-spm-anchor-id=\"a2ty_o01.29997173.0.i42.54d8c921Is5liz\">L&#039;h\u00f4tel propose une s\u00e9lection vari\u00e9e de restaurants, chacun offrant une exp\u00e9rience gastronomique unique. Parmi les points forts\u00a0:<\/p><h3><strong>Cuisine Yuehua \u2013 Restaurant chinois authentique au 6e \u00e9tage <\/strong><\/h3><p data-spm-anchor-id=\"a2ty_o01.29997173.0.i38.54d8c921Is5liz\">L&#039;un des joyaux cach\u00e9s de l&#039;h\u00f4tel, Yuehua Kitchen sert <strong>cuisine r\u00e9gionale chinoise authentique <\/strong>, avec un menu saisonnier sp\u00e9cial comprenant des soupes nourrissantes, parfaites pour l&#039;automne. Qu&#039;il s&#039;agisse des saveurs d\u00e9licates de <strong>dim sum cantonais <\/strong>, les \u00e9pices audacieuses de <strong>Marmites chaudes du Sichuan <\/strong>, ou l&#039;\u00e9l\u00e9gance raffin\u00e9e de <strong>Fruits de mer de Huaiyang <\/strong>, chaque plat est \u00e9labor\u00e9 avec pr\u00e9cision et tradition.<\/p><p>Les invit\u00e9s s&#039;extasient sur le <strong>cadre \u00e9l\u00e9gant et service attentionn\u00e9 <\/strong>, ce qui le rend id\u00e9al aussi bien pour les d\u00e9jeuners d&#039;affaires que pour les d\u00eeners de famille.<\/p><h3><strong>Wan How \u2013 Restaurant Signature Roast &amp; Grill <\/strong><\/h3><p data-spm-anchor-id=\"a2ty_o01.29997173.0.i41.54d8c921Is5liz\">Pour les amoureux de <strong>Barbecue chinois et d\u00e9lices r\u00f4tis <\/strong>, Wan How propose une s\u00e9lection all\u00e9chante de <strong>Canard laqu\u00e9, b\u0153uf marin\u00e9, agneau frais et fruits de mer <\/strong>, pr\u00e9par\u00e9s par des chefs experts de diff\u00e9rentes r\u00e9gions de Chine. Le restaurant est fier d&#039;utiliser des techniques culinaires ancestrales associ\u00e9es \u00e0 une pr\u00e9sentation contemporaine.<\/p><p>C&#039;est l&#039;endroit id\u00e9al pour les clients qui souhaitent go\u00fbter \u00e0 l&#039;authentique <strong>Plats du Nord-Ouest et du Guangdong <\/strong> dans une ambiance chaleureuse et conviviale.<\/p><h3><strong>Caf\u00e9 Vista \u2013 Restauration internationale toute la journ\u00e9e <\/strong><\/h3><p>Situ\u00e9 dans l&#039;enceinte de l&#039;h\u00f4tel, <strong>Caf\u00e9 Vista <\/strong> propose un buffet copieux et un menu \u00e0 la carte comprenant <strong>favoris mondiaux <\/strong>Des p\u00e2tes italiennes aux p\u00e2tisseries fran\u00e7aises, en passant par les sushis japonais et les mezz\u00e9s du Moyen-Orient, le restaurant propose une cuisine ouverte et des postes de cuisson en direct, permettant aux convives d&#039;observer les chefs pr\u00e9parer leurs plats sous leurs yeux.<\/p><p data-spm-anchor-id=\"a2ty_o01.29997173.0.i40.54d8c921Is5liz\">C&#039;est un favori parmi <strong>voyageurs d&#039;affaires et familles <\/strong>, lou\u00e9 pour son <strong>vari\u00e9t\u00e9, qualit\u00e9 et cadre dynamique mais confortable <\/strong>.<\/p>\t\t\t\t\t\t\t\t<\/div>\n\t\t\t\t\t<\/div>\n\t\t\t\t<\/div>\n\t\t<div class=\"elementor-element elementor-element-5b3b8b2 e-flex e-con-boxed e-con e-parent\" data-id=\"5b3b8b2\" data-element_type=\"container\" data-e-type=\"container\">\n\t\t\t\t\t<div class=\"e-con-inner\">\n\t\t\t\t<div class=\"elementor-element elementor-element-e0373c0 elementor-widget elementor-widget-text-editor\" data-id=\"e0373c0\" data-element_type=\"widget\" data-e-type=\"widget\" data-widget_type=\"text-editor.default\">\n\t\t\t\t\t\t\t\t\t<h2 data-spm-anchor-id=\"a2ty_o01.29997173.0.i43.54d8c921Is5liz\">\u2615 Lobby Lounge &amp; Bar \u2013 O\u00f9 l&#039;\u00e9l\u00e9gance rencontre le confort<\/h2><p>Pour ceux qui cherchent \u00e0 se d\u00e9tendre apr\u00e8s une longue journ\u00e9e de visites ou de r\u00e9unions d&#039;entreprise, le <strong>Salon du hall <\/strong> offre un environnement relaxant avec une musique de fond douce, des si\u00e8ges moelleux et un menu organis\u00e9 de <strong data-spm-anchor-id=\"a2ty_o01.29997173.0.i45.54d8c921Is5liz\">th\u00e9s fins, vins import\u00e9s et cocktails signature <\/strong>C&#039;est l&#039;endroit id\u00e9al pour profiter d&#039;un th\u00e9 tranquille l&#039;apr\u00e8s-midi ou rencontrer des coll\u00e8gues pour une conversation informelle autour d&#039;un verre.<\/p><p>Sp\u00e9cialit\u00e9s de saison telles que <strong>tartelettes aux \u0153ufs chaudes et infusions aux herbes \u00e9pic\u00e9es <\/strong> sont souvent mis en avant, ajoutant une touche de chaleur et de nostalgie \u00e0 votre s\u00e9jour.<\/p><div class=\"py-2 my-3\"><hr \/><\/div><h2>\ud83e\udd58 D\u00eeners priv\u00e9s et occasions sp\u00e9ciales<\/h2><p>L&#039;h\u00f4tel Beijing Wanda Vista propose \u00e9galement <strong>salles \u00e0 manger semi-priv\u00e9es et enti\u00e8rement priv\u00e9es <\/strong>, id\u00e9al pour des c\u00e9l\u00e9brations intimes, des d\u00e9jeuners d&#039;affaires ou des d\u00eeners romantiques. Ces espaces allient <strong>d\u00e9cor luxueux avec service personnalis\u00e9 <\/strong>, garantissant que chaque occasion soit exclusive et m\u00e9morable.<\/p><p>Que ce soit un <strong>f\u00eate d&#039;anniversaire, d\u00eener d&#039;anniversaire ou r\u00e9ception VIP <\/strong>, l&#039;\u00e9quipe de restauration d\u00e9di\u00e9e de l&#039;h\u00f4tel travaille en \u00e9troite collaboration avec les clients pour personnaliser les menus et l&#039;ambiance en fonction des pr\u00e9f\u00e9rences individuelles.<\/p><div class=\"py-2 my-3\"><hr \/><\/div><h2>\ud83c\udf1f Pourquoi nos clients aiment nos restaurants<\/h2><ul><li><strong>Une vari\u00e9t\u00e9 exceptionnelle <\/strong> de cuisines dans plusieurs lieux<\/li><li><strong>Ingr\u00e9dients de haute qualit\u00e9 <\/strong> et des \u00e9quipes culinaires qualifi\u00e9es<\/li><li><strong>Int\u00e9rieurs \u00e9l\u00e9gants <\/strong> et des vues panoramiques sur la ville depuis certains \u00e9tages<\/li><li><strong>Des critiques toujours positives <\/strong> pour le go\u00fbt, le service et l&#039;ambiance<\/li><\/ul><ul><li><strong>Id\u00e9al pour les voyageurs en solo, les couples et les grands groupes <\/strong><\/li><\/ul><p>Les clients ont souvent mentionn\u00e9 que \u00ab la nourriture \u00e9tait toujours excellente \u00bb, louant le <strong>tartes aux \u0153ufs au salon <\/strong>, le <strong>canard r\u00f4ti \u00e0 Wan How <\/strong>, et le <strong>flux int\u00e9rieur-ext\u00e9rieur confortable du Caf\u00e9 Vista <\/strong>.<\/p><div class=\"py-2 my-3\"><hr \/><\/div><h2>\ud83d\udccd Localisation et accessibilit\u00e9<\/h2><p>Compte tenu de son emplacement privil\u00e9gi\u00e9 dans le <strong>CBD <\/strong>, \u00e0 quelques minutes de <strong>Sanlitun, parc Tuanjiehu et si\u00e8ge de CCTV <\/strong>L&#039;h\u00f4tel Wanda Vista de P\u00e9kin est une destination pratique pour les habitants comme pour les touristes. Que vous y passiez la nuit ou que vous soyez simplement de passage pour d\u00e9jeuner ou d\u00eener, la proximit\u00e9 de l&#039;h\u00f4tel avec <strong>transports en commun et principaux monuments <\/strong> assure un acc\u00e8s facile.<\/p><p>Si vous conduisez, soyez prudent <strong>options de voiturier et de stationnement libre-service <\/strong> sont disponibles sur place.<\/p><div class=\"py-2 my-3\"><hr \/><\/div><h2>\u2705 R\u00e9flexions finales : Plus qu&#039;un simple repas<\/h2><p data-spm-anchor-id=\"a2ty_o01.29997173.0.i46.54d8c921Is5liz\">D\u00eener \u00e0 <strong>H\u00f4tel Wanda Vista \u00e0 P\u00e9kin <\/strong> Il ne s&#039;agit pas seulement de satisfaire sa faim, mais de s&#039;immerger dans le riche patrimoine culinaire chinois tout en profitant du confort de l&#039;hospitalit\u00e9 moderne. <strong>des restaurants exceptionnels, des chefs talentueux et des espaces soigneusement con\u00e7us <\/strong>, chaque repas devient une c\u00e9l\u00e9bration de la culture, de l&#039;artisanat et de la connexion.<\/p>\t\t\t\t\t\t\t\t<\/div>\n\t\t\t\t\t<\/div>\n\t\t\t\t<\/div>\n\t\t\t\t<\/div>","protected":false},"excerpt":{"rendered":"<p>Experience the art of fine dining at Beijing Wanda Vista Hotel , where culinary excellence meets elegant ambiance in the heart of Beijing\u2019s bustling Central Business District (CBD) . Located at Tower C, Wanda Plaza, 93 Jianguo Road, Chaoyang District (100022) , this five-star hotel is not only known for its luxurious accommodations but also [&hellip;]<\/p>\n","protected":false},"author":1,"featured_media":0,"parent":0,"menu_order":0,"comment_status":"closed","ping_status":"closed","template":"elementor_header_footer","meta":{"footnotes":""},"class_list":["post-612","page","type-page","status-publish","hentry","post-no-thumbnail"],"_links":{"self":[{"href":"https:\/\/beijingwandavistahotel.com\/fr\/wp-json\/wp\/v2\/pages\/612","targetHints":{"allow":["GET"]}}],"collection":[{"href":"https:\/\/beijingwandavistahotel.com\/fr\/wp-json\/wp\/v2\/pages"}],"about":[{"href":"https:\/\/beijingwandavistahotel.com\/fr\/wp-json\/wp\/v2\/types\/page"}],"author":[{"embeddable":true,"href":"https:\/\/beijingwandavistahotel.com\/fr\/wp-json\/wp\/v2\/users\/1"}],"replies":[{"embeddable":true,"href":"https:\/\/beijingwandavistahotel.com\/fr\/wp-json\/wp\/v2\/comments?post=612"}],"version-history":[{"count":0,"href":"https:\/\/beijingwandavistahotel.com\/fr\/wp-json\/wp\/v2\/pages\/612\/revisions"}],"wp:attachment":[{"href":"https:\/\/beijingwandavistahotel.com\/fr\/wp-json\/wp\/v2\/media?parent=612"}],"curies":[{"name":"wp","href":"https:\/\/api.w.org\/{rel}","templated":true}]}}