{"id":2108,"date":"2021-03-26T06:46:16","date_gmt":"2021-03-26T06:46:16","guid":{"rendered":"http:\/\/localhost\/nuss\/?page_id=437"},"modified":"2025-12-04T08:53:49","modified_gmt":"2025-12-04T08:53:49","slug":"spa","status":"publish","type":"page","link":"https:\/\/beijingwandavistahotel.com\/fr\/spa\/","title":{"rendered":"Spa"},"content":{"rendered":"<div data-elementor-type=\"wp-page\" data-elementor-id=\"2108\" class=\"elementor elementor-2108\">\n\t\t\t\t\t\t<section class=\"elementor-section elementor-top-section elementor-element elementor-element-e56a0cd elementor-section-boxed elementor-section-gap-beside-yes elementor-section-height-default elementor-section-height-default elementor-section-column-vertical-align-stretch\" data-id=\"e56a0cd\" data-element_type=\"section\" data-e-type=\"section\">\n\t\t\t\t\t\t<div class=\"elementor-container elementor-column-gap-extended\">\n\t\t\t\t\t<div class=\"elementor-column elementor-col-100 elementor-top-column elementor-element elementor-element-0b4465f\" data-id=\"0b4465f\" data-element_type=\"column\" data-e-type=\"column\">\n\t\t\t<div class=\"elementor-widget-wrap elementor-element-populated\">\n\t\t\t\t\t\t<div class=\"elementor-element elementor-element-c5bfb65 elementor-widget__width-initial elementor-invisible elementor-widget elementor-widget-text-editor\" data-id=\"c5bfb65\" data-element_type=\"widget\" data-e-type=\"widget\" data-settings=\"{&quot;_animation&quot;:&quot;nussFadeInUp&quot;}\" data-widget_type=\"text-editor.default\">\n\t\t\t\t\t\t\t\t\t<p>Nich\u00e9 au sein du prestigieux <strong>Place Wanda <\/strong> complexe \u00e0 <strong>Tour C, 93 Jianguo Road, district de Chaoyang, P\u00e9kin (100022) <\/strong>, <strong>H\u00f4tel Wanda Vista \u00e0 P\u00e9kin <\/strong> Bien plus qu&#039;un h\u00e9bergement de luxe, l&#039;h\u00f4tel propose une exp\u00e9rience bien-\u00eatre holistique con\u00e7ue pour ressourcer le corps et l&#039;esprit. Figurant parmi les meilleurs h\u00f4tels cinq \u00e9toiles de la ville, il allie des prestations haut de gamme \u00e0 un service attentionn\u00e9, ce qui en fait un refuge id\u00e9al pour les voyageurs d&#039;affaires, les vacanciers et les amateurs de bien-\u00eatre.<\/p>\t\t\t\t\t\t\t\t<\/div>\n\t\t\t\t\t<\/div>\n\t\t<\/div>\n\t\t\t\t\t<\/div>\n\t\t<\/section>\n\t\t<div class=\"elementor-element elementor-element-65358cc e-flex e-con-boxed e-con e-parent\" data-id=\"65358cc\" data-element_type=\"container\" data-e-type=\"container\">\n\t\t\t\t\t<div class=\"e-con-inner\">\n\t\t\t\t<div class=\"elementor-element elementor-element-7ff7e29 elementor-widget elementor-widget-text-editor\" data-id=\"7ff7e29\" data-element_type=\"widget\" data-e-type=\"widget\" data-widget_type=\"text-editor.default\">\n\t\t\t\t\t\t\t\t\t<p data-spm-anchor-id=\"a2ty_o01.29997173.0.i53.54d8c921Is5liz\">Le <strong>installations de bien-\u00eatre \u00e0 l&#039;h\u00f4tel Beijing Wanda Vista <\/strong> Parmi ses atouts les plus pris\u00e9s, l&#039;h\u00f4tel propose une gamme compl\u00e8te de services d\u00e9di\u00e9s \u00e0 la remise en forme, \u00e0 la d\u00e9tente et aux soins personnels. Que vous souhaitiez maintenir votre programme d&#039;entra\u00eenement en d\u00e9placement ou simplement vous d\u00e9tendre apr\u00e8s une longue journ\u00e9e \u00e0 explorer le quartier central des affaires (CBD) anim\u00e9 de P\u00e9kin, chaque client trouvera ici l&#039;\u00e9quilibre id\u00e9al.<\/p><h3>\ud83d\udd39 <strong>Piscine int\u00e9rieure chauff\u00e9e \u2013 Nagez \u00e0 tout moment, toute l&#039;ann\u00e9e <\/strong><\/h3><p data-spm-anchor-id=\"a2ty_o01.29997173.0.i55.54d8c921Is5liz\">L\u2019un des points forts de l\u2019offre bien-\u00eatre de l\u2019h\u00f4tel est son <strong>piscine int\u00e9rieure chauff\u00e9e <\/strong>, un atout rare et appr\u00e9ci\u00e9 pendant les mois les plus froids de P\u00e9kin. La piscine \u00e0 temp\u00e9rature contr\u00f4l\u00e9e permet aux clients de nager confortablement en toute saison, ce qui en fait un lieu appr\u00e9ci\u00e9 des habitu\u00e9s et des s\u00e9jours de longue dur\u00e9e. Que vous pr\u00e9f\u00e9riez faire quelques longueurs pour faire de l&#039;exercice ou simplement flotter dans l&#039;eau chaude pour vous d\u00e9tendre, l&#039;environnement serein qui entoure la piscine sublime l&#039;exp\u00e9rience globale.<\/p><p><em>Note: <\/em> Bien que la piscine ait \u00e9t\u00e9 tr\u00e8s appr\u00e9ci\u00e9e, certains avis r\u00e9cents indiquent des fermetures occasionnelles pour maintenance. Nous encourageons les clients \u00e0 confirmer la disponibilit\u00e9 lors de leur arriv\u00e9e.<\/p><h3>\ud83d\udd39 <strong>Centre de remise en forme enti\u00e8rement \u00e9quip\u00e9 \u2013 Entra\u00eenements de pointe <\/strong><\/h3><p>Pour ceux qui privil\u00e9gient la forme physique pendant le voyage, le <strong>centre de fitness de l&#039;h\u00f4tel <\/strong> Ne d\u00e9\u00e7oit pas. Dot\u00e9e d&#039;\u00e9quipements cardio-vasculaires modernes, de machines de musculation, de poids libres et d&#039;espaces d&#039;\u00e9tirements, la salle de sport s&#039;adresse \u00e0 tous les niveaux d&#039;activit\u00e9 physique. La lumi\u00e8re naturelle inonde l&#039;espace et les finitions haut de gamme cr\u00e9ent une atmosph\u00e8re motivante pour les joggings matinaux sur tapis de course ou les s\u00e9ances de musculation nocturnes.<\/p><p>Les invit\u00e9s ont souvent not\u00e9 le <strong>propret\u00e9, vari\u00e9t\u00e9 de machines et am\u00e9nagement spacieux <\/strong>, ce qui en fait l&#039;une des salles de sport d&#039;h\u00f4tel les mieux not\u00e9es de la r\u00e9gion.<\/p><h3>\ud83d\udd39 <strong>Spa et massoth\u00e9rapie \u2013 Rajeunissez votre corps et votre \u00e2me <\/strong><\/h3><p>Au c\u0153ur de la philosophie bien-\u00eatre de l&#039;h\u00f4tel se trouve son <strong>spa de sant\u00e9 \u00e0 service complet <\/strong>, proposant une gamme de soins con\u00e7us pour apaiser, rafra\u00eechir et revitaliser. Du massage traditionnel chinois \u00e0 l&#039;aromath\u00e9rapie et aux soins des tissus profonds, nos th\u00e9rapeutes qualifi\u00e9s garantissent une exp\u00e9rience profond\u00e9ment relaxante, adapt\u00e9e aux besoins de chacun.<\/p><p>De nombreux invit\u00e9s reviennent sp\u00e9cialement pour le <strong>services de massage <\/strong>, louant l&#039;expertise du personnel et l&#039;ambiance paisible qui favorise la clart\u00e9 mentale et la r\u00e9cup\u00e9ration physique. C&#039;est l&#039;\u00e9vasion id\u00e9ale apr\u00e8s une journ\u00e9e de r\u00e9unions dans les environs. <strong>Si\u00e8ge de la vid\u00e9osurveillance <\/strong> ou une vir\u00e9e shopping chez <strong>Place Wanda <\/strong>.<\/p><h3>\ud83d\udd39 <strong>Saunas \u2013 D\u00e9toxifiez et d\u00e9stressez <\/strong><\/h3><p data-spm-anchor-id=\"a2ty_o01.29997173.0.i56.54d8c921Is5liz\">En compl\u00e9ment des offres de spa et de remise en forme, l&#039;h\u00f4tel propose \u00e9galement <strong>installations de sauna <\/strong>, permettant aux clients d&#039;\u00e9liminer les toxines et de d\u00e9tendre davantage les muscles fatigu\u00e9s. Cette fonctionnalit\u00e9 est particuli\u00e8rement appr\u00e9ci\u00e9e des voyageurs internationaux familiers avec les traditions bien-\u00eatre similaires en Europe et en Scandinavie.<\/p>\t\t\t\t\t\t\t\t<\/div>\n\t\t\t\t\t<\/div>\n\t\t\t\t<\/div>\n\t\t<div class=\"elementor-element elementor-element-69060b8 e-flex e-con-boxed e-con e-parent\" data-id=\"69060b8\" data-element_type=\"container\" data-e-type=\"container\">\n\t\t\t\t\t<div class=\"e-con-inner\">\n\t\t\t\t<div class=\"elementor-element elementor-element-41ce191 elementor-widget elementor-widget-nuss-image-gallery\" data-id=\"41ce191\" data-element_type=\"widget\" data-e-type=\"widget\" data-widget_type=\"nuss-image-gallery.default\">\n\t\t\t\t<div class=\"elementor-widget-container\">\n\t\t\t\t\t\t\t<div class=\"nuss-grid-wrapper\" data-grid=\"{&quot;type&quot;:&quot;grid&quot;,&quot;ratio&quot;:null,&quot;columns&quot;:3,&quot;gutter&quot;:30}\">\r\n\t\t\t<div class=\"nuss-grid lazy-grid\">\r\n\t\t\t\t<div class=\"grid-sizer\"><\/div>\r\n\r\n\t\t\t\t\t\t\t\t\t\t\t\t<div class=\"grid-item\">\r\n\t\t\t\t\t\t<div class=\"nuss-box\">\t\t<div class=\"nuss-image image\">\r\n\t\t\t<img decoding=\"async\"  src=\"https:\/\/beijingwandavistahotel.com\/wp-content\/uploads\/2025\/07\/Beijing-Wanda-Vista-Hotel-47.webp\" alt=\"H\u00f4tel Wanda Vista \u00e0 P\u00e9kin (47)\" \/>\t\t<\/div>\r\n\t\t\t\t<\/div>\t\t\t\t\t<\/div>\r\n\t\t\t\t\t\t<div class=\"grid-item\">\r\n\t\t\t\t\t\t<div class=\"nuss-box\">\t\t<div class=\"nuss-image image\">\r\n\t\t\t<img decoding=\"async\"  src=\"https:\/\/beijingwandavistahotel.com\/wp-content\/uploads\/2025\/07\/Beijing-Wanda-Vista-Hotel-44.webp\" alt=\"H\u00f4tel Wanda Vista \u00e0 P\u00e9kin (44)\" \/>\t\t<\/div>\r\n\t\t\t\t<\/div>\t\t\t\t\t<\/div>\r\n\t\t\t\t\t\t<div class=\"grid-item\">\r\n\t\t\t\t\t\t<div class=\"nuss-box\">\t\t<div class=\"nuss-image image\">\r\n\t\t\t<img decoding=\"async\"  src=\"https:\/\/beijingwandavistahotel.com\/wp-content\/uploads\/2025\/07\/Beijing-Wanda-Vista-Hotel-45.webp\" alt=\"H\u00f4tel Wanda Vista \u00e0 P\u00e9kin (45)\" \/>\t\t<\/div>\r\n\t\t\t\t<\/div>\t\t\t\t\t<\/div>\r\n\t\t\t\t\t\t<div class=\"grid-item\">\r\n\t\t\t\t\t\t<div class=\"nuss-box\">\t\t<div class=\"nuss-image image\">\r\n\t\t\t<img decoding=\"async\"  src=\"https:\/\/beijingwandavistahotel.com\/wp-content\/uploads\/2025\/07\/Beijing-Wanda-Vista-Hotel-43.webp\" alt=\"H\u00f4tel Wanda Vista \u00e0 P\u00e9kin (43)\" \/>\t\t<\/div>\r\n\t\t\t\t<\/div>\t\t\t\t\t<\/div>\r\n\t\t\t\t\t\t<div class=\"grid-item\">\r\n\t\t\t\t\t\t<div class=\"nuss-box\">\t\t<div class=\"nuss-image image\">\r\n\t\t\t<img decoding=\"async\"  src=\"https:\/\/beijingwandavistahotel.com\/wp-content\/uploads\/2025\/07\/Beijing-Wanda-Vista-Hotel-42.webp\" alt=\"H\u00f4tel Wanda Vista \u00e0 P\u00e9kin (42)\" \/>\t\t<\/div>\r\n\t\t\t\t<\/div>\t\t\t\t\t<\/div>\r\n\t\t\t\t\t\t<div class=\"grid-item\">\r\n\t\t\t\t\t\t<div class=\"nuss-box\">\t\t<div class=\"nuss-image image\">\r\n\t\t\t<img decoding=\"async\"  src=\"https:\/\/beijingwandavistahotel.com\/wp-content\/uploads\/2025\/07\/Beijing-Wanda-Vista-Hotel-53.webp\" alt=\"H\u00f4tel Wanda Vista \u00e0 P\u00e9kin (53)\" \/>\t\t<\/div>\r\n\t\t\t\t<\/div>\t\t\t\t\t<\/div>\r\n\t\t\t\t\t\t\t\r\n\t\t\t<\/div>\r\n\t\t<\/div>\r\n\t\t\t\t\t\t<\/div>\n\t\t\t\t<\/div>\n\t\t\t\t\t<\/div>\n\t\t\t\t<\/div>\n\t\t\t\t<section class=\"elementor-section elementor-top-section elementor-element elementor-element-8339aed elementor-section-boxed elementor-section-gap-beside-yes elementor-section-height-default elementor-section-height-default elementor-section-column-vertical-align-stretch\" data-id=\"8339aed\" data-element_type=\"section\" data-e-type=\"section\">\n\t\t\t\t\t\t<div class=\"elementor-container elementor-column-gap-extended\">\n\t\t\t\t\t<div class=\"elementor-column elementor-col-100 elementor-top-column elementor-element elementor-element-24d8af3\" data-id=\"24d8af3\" data-element_type=\"column\" data-e-type=\"column\">\n\t\t\t<div class=\"elementor-widget-wrap elementor-element-populated\">\n\t\t\t\t\t\t<div class=\"elementor-element elementor-element-e5bd299 elementor-widget elementor-widget-text-editor\" data-id=\"e5bd299\" data-element_type=\"widget\" data-e-type=\"widget\" data-widget_type=\"text-editor.default\">\n\t\t\t\t\t\t\t\t\t<h2 data-spm-anchor-id=\"a2ty_o01.29997173.0.i58.54d8c921Is5liz\">\ud83c\udf3f Un design r\u00e9fl\u00e9chi rencontre le luxe fonctionnel<\/h2><p data-spm-anchor-id=\"a2ty_o01.29997173.0.i57.54d8c921Is5liz\">Au-del\u00e0 des am\u00e9nagements physiques, la conception de l&#039;espace bien-\u00eatre refl\u00e8te <strong>L&#039;engagement de Wanda Vista envers le confort et la sophistication <\/strong>Les int\u00e9rieurs allient une esth\u00e9tique \u00e9pur\u00e9e et contemporaine \u00e0 des palettes de couleurs apaisantes, cr\u00e9ant un environnement propice \u00e0 la pleine conscience et \u00e0 la tranquillit\u00e9. Que vous vous pr\u00e9pariez pour une s\u00e9ance de sauna ou que vous vous d\u00e9tendiez apr\u00e8s la baignade, chaque d\u00e9tail, de l&#039;\u00e9clairage d&#039;ambiance aux serviettes moelleuses, a \u00e9t\u00e9 pens\u00e9 pour une satisfaction optimale.<\/p><div class=\"py-2 my-3\"><hr \/><\/div><h2>\ud83d\udcbc Parfait pour les voyageurs d&#039;affaires et les professionnels urbains<\/h2><p>Compte tenu de son emplacement dans <strong>Le CBD de P\u00e9kin <\/strong>, de nombreux clients en visite pour affaires profitent des installations de bien-\u00eatre de l&#039;h\u00f4tel pour maintenir leur productivit\u00e9 et leur bien-\u00eatre pendant leur s\u00e9jour. <strong>Acc\u00e8s 24h\/24 \u00e0 la salle de sport <\/strong>, des rendez-vous spa t\u00f4t le matin et la proximit\u00e9 pratique des bureaux de l&#039;entreprise en font un choix privil\u00e9gi\u00e9 parmi les cadres et les professionnels travaillant dans la r\u00e9gion.<\/p><p>De plus, l&#039;h\u00f4tel <strong>syst\u00e8me de chauffage central et \u00e9quipements int\u00e9rieurs <\/strong> assurer une accessibilit\u00e9 toute l&#039;ann\u00e9e, que vous \u00e9chappiez \u00e0 la chaleur estivale ou au froid hivernal.<\/p><div class=\"py-2 my-3\"><hr \/><\/div><h2>\ud83d\udcdd R\u00e9flexions finales\u00a0: un havre de bien-\u00eatre en ville<\/h2><p>Que vous s\u00e9journiez une nuit ou une semaine, <strong>installations de bien-\u00eatre \u00e0 l&#039;h\u00f4tel Beijing Wanda Vista <\/strong> offrent bien plus que de simples bienfaits physiques\u00a0: ils offrent un refuge contre le rythme effr\u00e9n\u00e9 de la vie urbaine. <strong>piscine int\u00e9rieure chauff\u00e9e, centre de remise en forme ultramoderne, spa \u00e0 service complet et sauna relaxant <\/strong>, l&#039;h\u00f4tel \u00e9tablit une nouvelle norme en mati\u00e8re d&#039;hospitalit\u00e9 de bien-\u00eatre \u00e0 P\u00e9kin.<\/p><p>Alors, que vous soyez ici pour le travail ou pour les loisirs, accordez-vous le temps de vous ressourcer, de vous rafra\u00eechir et de retrouver l&#039;\u00e9quilibre dans l&#039;un des environnements de bien-\u00eatre les plus luxueux de la ville.<\/p>\t\t\t\t\t\t\t\t<\/div>\n\t\t\t\t\t<\/div>\n\t\t<\/div>\n\t\t\t\t\t<\/div>\n\t\t<\/section>\n\t\t<div class=\"elementor-element elementor-element-2e23a10 e-flex e-con-boxed e-con e-parent\" data-id=\"2e23a10\" data-element_type=\"container\" data-e-type=\"container\">\n\t\t\t\t\t<div class=\"e-con-inner\">\n\t\t\t\t<div class=\"elementor-element elementor-element-d65292d elementor-widget elementor-widget-nuss-image-gallery\" data-id=\"d65292d\" data-element_type=\"widget\" data-e-type=\"widget\" data-widget_type=\"nuss-image-gallery.default\">\n\t\t\t\t<div class=\"elementor-widget-container\">\n\t\t\t\t\t\t\t<div class=\"nuss-grid-wrapper\" data-grid=\"{&quot;type&quot;:&quot;grid&quot;,&quot;ratio&quot;:null,&quot;columns&quot;:3,&quot;gutter&quot;:30}\">\r\n\t\t\t<div class=\"nuss-grid lazy-grid\">\r\n\t\t\t\t<div class=\"grid-sizer\"><\/div>\r\n\r\n\t\t\t\t\t\t\t\t\t\t\t\t<div class=\"grid-item\">\r\n\t\t\t\t\t\t<div class=\"nuss-box\">\t\t<div class=\"nuss-image image\">\r\n\t\t\t<img decoding=\"async\"  src=\"https:\/\/beijingwandavistahotel.com\/wp-content\/uploads\/2025\/07\/Beijing-Wanda-Vista-Hotel-40.webp\" alt=\"H\u00f4tel Wanda Vista \u00e0 P\u00e9kin (40)\" \/>\t\t<\/div>\r\n\t\t\t\t<\/div>\t\t\t\t\t<\/div>\r\n\t\t\t\t\t\t<div class=\"grid-item\">\r\n\t\t\t\t\t\t<div class=\"nuss-box\">\t\t<div class=\"nuss-image image\">\r\n\t\t\t<img decoding=\"async\"  src=\"https:\/\/beijingwandavistahotel.com\/wp-content\/uploads\/2025\/07\/Beijing-Wanda-Vista-Hotel-39.webp\" alt=\"H\u00f4tel Wanda Vista \u00e0 P\u00e9kin (39)\" \/>\t\t<\/div>\r\n\t\t\t\t<\/div>\t\t\t\t\t<\/div>\r\n\t\t\t\t\t\t<div class=\"grid-item\">\r\n\t\t\t\t\t\t<div class=\"nuss-box\">\t\t<div class=\"nuss-image image\">\r\n\t\t\t<img decoding=\"async\"  src=\"https:\/\/beijingwandavistahotel.com\/wp-content\/uploads\/2025\/07\/Beijing-Wanda-Vista-Hotel-37.webp\" alt=\"H\u00f4tel Wanda Vista \u00e0 P\u00e9kin (37)\" \/>\t\t<\/div>\r\n\t\t\t\t<\/div>\t\t\t\t\t<\/div>\r\n\t\t\t\t\t\t<div class=\"grid-item\">\r\n\t\t\t\t\t\t<div class=\"nuss-box\">\t\t<div class=\"nuss-image image\">\r\n\t\t\t<img decoding=\"async\"  src=\"https:\/\/beijingwandavistahotel.com\/wp-content\/uploads\/2025\/07\/Beijing-Wanda-Vista-Hotel-27.webp\" alt=\"H\u00f4tel Wanda Vista \u00e0 P\u00e9kin (27)\" \/>\t\t<\/div>\r\n\t\t\t\t<\/div>\t\t\t\t\t<\/div>\r\n\t\t\t\t\t\t<div class=\"grid-item\">\r\n\t\t\t\t\t\t<div class=\"nuss-box\">\t\t<div class=\"nuss-image image\">\r\n\t\t\t<img decoding=\"async\"  src=\"https:\/\/beijingwandavistahotel.com\/wp-content\/uploads\/2025\/07\/Beijing-Wanda-Vista-Hotel-38.webp\" alt=\"H\u00f4tel Wanda Vista \u00e0 P\u00e9kin (38)\" \/>\t\t<\/div>\r\n\t\t\t\t<\/div>\t\t\t\t\t<\/div>\r\n\t\t\t\t\t\t<div class=\"grid-item\">\r\n\t\t\t\t\t\t<div class=\"nuss-box\">\t\t<div class=\"nuss-image image\">\r\n\t\t\t<img decoding=\"async\"  src=\"https:\/\/beijingwandavistahotel.com\/wp-content\/uploads\/2025\/07\/Beijing-Wanda-Vista-Hotel-28.webp\" alt=\"H\u00f4tel Wanda Vista \u00e0 P\u00e9kin (28)\" \/>\t\t<\/div>\r\n\t\t\t\t<\/div>\t\t\t\t\t<\/div>\r\n\t\t\t\t\t\t<div class=\"grid-item\">\r\n\t\t\t\t\t\t<div class=\"nuss-box\">\t\t<div class=\"nuss-image image\">\r\n\t\t\t<img decoding=\"async\"  src=\"https:\/\/beijingwandavistahotel.com\/wp-content\/uploads\/2025\/07\/Beijing-Wanda-Vista-Hotel-34.webp\" alt=\"H\u00f4tel Wanda Vista \u00e0 P\u00e9kin (34)\" \/>\t\t<\/div>\r\n\t\t\t\t<\/div>\t\t\t\t\t<\/div>\r\n\t\t\t\t\t\t<div class=\"grid-item\">\r\n\t\t\t\t\t\t<div class=\"nuss-box\">\t\t<div class=\"nuss-image image\">\r\n\t\t\t<img decoding=\"async\"  src=\"https:\/\/beijingwandavistahotel.com\/wp-content\/uploads\/2025\/07\/Beijing-Wanda-Vista-Hotel-30.webp\" alt=\"H\u00f4tel Wanda Vista \u00e0 P\u00e9kin (30)\" \/>\t\t<\/div>\r\n\t\t\t\t<\/div>\t\t\t\t\t<\/div>\r\n\t\t\t\t\t\t<div class=\"grid-item\">\r\n\t\t\t\t\t\t<div class=\"nuss-box\">\t\t<div class=\"nuss-image image\">\r\n\t\t\t<img decoding=\"async\"  src=\"https:\/\/beijingwandavistahotel.com\/wp-content\/uploads\/2025\/07\/Beijing-Wanda-Vista-Hotel-29.webp\" alt=\"H\u00f4tel Wanda Vista \u00e0 P\u00e9kin (29)\" \/>\t\t<\/div>\r\n\t\t\t\t<\/div>\t\t\t\t\t<\/div>\r\n\t\t\t\t\t\t<div class=\"grid-item\">\r\n\t\t\t\t\t\t<div class=\"nuss-box\">\t\t<div class=\"nuss-image image\">\r\n\t\t\t<img decoding=\"async\"  src=\"https:\/\/beijingwandavistahotel.com\/wp-content\/uploads\/2025\/07\/Beijing-Wanda-Vista-Hotel-32.webp\" alt=\"H\u00f4tel Wanda Vista \u00e0 P\u00e9kin (32)\" \/>\t\t<\/div>\r\n\t\t\t\t<\/div>\t\t\t\t\t<\/div>\r\n\t\t\t\t\t\t<div class=\"grid-item\">\r\n\t\t\t\t\t\t<div class=\"nuss-box\">\t\t<div class=\"nuss-image image\">\r\n\t\t\t<img decoding=\"async\"  src=\"https:\/\/beijingwandavistahotel.com\/wp-content\/uploads\/2025\/07\/Beijing-Wanda-Vista-Hotel-31.webp\" alt=\"H\u00f4tel Wanda Vista \u00e0 P\u00e9kin (31)\" \/>\t\t<\/div>\r\n\t\t\t\t<\/div>\t\t\t\t\t<\/div>\r\n\t\t\t\t\t\t<div class=\"grid-item\">\r\n\t\t\t\t\t\t<div class=\"nuss-box\">\t\t<div class=\"nuss-image image\">\r\n\t\t\t<img decoding=\"async\"  src=\"https:\/\/beijingwandavistahotel.com\/wp-content\/uploads\/2025\/07\/Beijing-Wanda-Vista-Hotel-36.webp\" alt=\"H\u00f4tel Wanda Vista \u00e0 P\u00e9kin (36)\" \/>\t\t<\/div>\r\n\t\t\t\t<\/div>\t\t\t\t\t<\/div>\r\n\t\t\t\t\t\t\t\r\n\t\t\t<\/div>\r\n\t\t<\/div>\r\n\t\t\t\t\t\t<\/div>\n\t\t\t\t<\/div>\n\t\t\t\t\t<\/div>\n\t\t\t\t<\/div>\n\t\t\t\t<\/div>","protected":false},"excerpt":{"rendered":"<p>Nestled within the prestigious Wanda Plaza complex at Tower C, 93 Jianguo Road, Chaoyang District, Beijing (100022) , Beijing Wanda Vista Hotel offers more than just luxury accommodations\u2014it presents a holistic wellness experience designed to rejuvenate both body and mind. As one of the city\u2019s premier five-star hotels, it combines world-class amenities with attentive service, [&hellip;]<\/p>\n","protected":false},"author":1,"featured_media":0,"parent":0,"menu_order":0,"comment_status":"closed","ping_status":"closed","template":"elementor_header_footer","meta":{"footnotes":""},"class_list":["post-2108","page","type-page","status-publish","hentry","post-no-thumbnail"],"_links":{"self":[{"href":"https:\/\/beijingwandavistahotel.com\/fr\/wp-json\/wp\/v2\/pages\/2108","targetHints":{"allow":["GET"]}}],"collection":[{"href":"https:\/\/beijingwandavistahotel.com\/fr\/wp-json\/wp\/v2\/pages"}],"about":[{"href":"https:\/\/beijingwandavistahotel.com\/fr\/wp-json\/wp\/v2\/types\/page"}],"author":[{"embeddable":true,"href":"https:\/\/beijingwandavistahotel.com\/fr\/wp-json\/wp\/v2\/users\/1"}],"replies":[{"embeddable":true,"href":"https:\/\/beijingwandavistahotel.com\/fr\/wp-json\/wp\/v2\/comments?post=2108"}],"version-history":[{"count":0,"href":"https:\/\/beijingwandavistahotel.com\/fr\/wp-json\/wp\/v2\/pages\/2108\/revisions"}],"wp:attachment":[{"href":"https:\/\/beijingwandavistahotel.com\/fr\/wp-json\/wp\/v2\/media?parent=2108"}],"curies":[{"name":"wp","href":"https:\/\/api.w.org\/{rel}","templated":true}]}}