{"id":612,"date":"2021-03-26T10:04:13","date_gmt":"2021-03-26T10:04:13","guid":{"rendered":"http:\/\/localhost\/nuss\/?page_id=612"},"modified":"2025-12-04T08:53:11","modified_gmt":"2025-12-04T08:53:11","slug":"restaurante","status":"publish","type":"page","link":"https:\/\/beijingwandavistahotel.com\/es\/restaurant\/","title":{"rendered":"Restaurante"},"content":{"rendered":"<div data-elementor-type=\"wp-page\" data-elementor-id=\"612\" class=\"elementor elementor-612\">\n\t\t\t\t\t\t<section class=\"elementor-section elementor-top-section elementor-element elementor-element-e2effe8 elementor-section-boxed elementor-section-gap-beside-yes elementor-section-height-default elementor-section-height-default elementor-section-column-vertical-align-stretch\" data-id=\"e2effe8\" data-element_type=\"section\" data-e-type=\"section\">\n\t\t\t\t\t\t<div class=\"elementor-container elementor-column-gap-extended\">\n\t\t\t\t\t<div class=\"elementor-column elementor-col-100 elementor-top-column elementor-element elementor-element-e18f688\" data-id=\"e18f688\" data-element_type=\"column\" data-e-type=\"column\">\n\t\t\t<div class=\"elementor-widget-wrap elementor-element-populated\">\n\t\t\t\t\t\t<div class=\"elementor-element elementor-element-6db146d elementor-widget__width-initial elementor-invisible elementor-widget elementor-widget-text-editor\" data-id=\"6db146d\" data-element_type=\"widget\" data-e-type=\"widget\" data-settings=\"{&quot;_animation&quot;:&quot;nussFadeInUp&quot;}\" data-widget_type=\"text-editor.default\">\n\t\t\t\t\t\t\t\t\t<p data-spm-anchor-id=\"a2ty_o01.29997173.0.i33.54d8c921Is5liz\">Experimente el arte de la buena mesa en <strong>Hotel Wanda Vista de Pek\u00edn <\/strong>, donde la excelencia culinaria se combina con un ambiente elegante en el coraz\u00f3n del bullicioso barrio de Beijing. <strong>Distrito Central de Negocios (CBD) <\/strong>. Ubicado en <strong>Torre C, Wanda Plaza, 93 Jianguo Road, distrito de Chaoyang (100022) <\/strong>Este hotel de cinco estrellas no solo es conocido por sus lujosos alojamientos sino tambi\u00e9n por su excepcional variedad de <strong>restaurantes, caf\u00e9s y salones <\/strong> que satisfacen tanto los paladares locales como internacionales.<\/p><p data-spm-anchor-id=\"a2ty_o01.29997173.0.i34.54d8c921Is5liz\">Ya sea que sea un hu\u00e9sped del hotel que disfruta de un desayuno gourmet antes de un d\u00eda de reuniones o un visitante que busca una experiencia gastron\u00f3mica inolvidable por la noche, <strong>Puntos de venta de comida y bebida en el Hotel Wanda Vista de Pek\u00edn <\/strong> Prometemos un viaje a trav\u00e9s del sabor, la cultura y la innovaci\u00f3n.<\/p>\t\t\t\t\t\t\t\t<\/div>\n\t\t\t\t\t<\/div>\n\t\t<\/div>\n\t\t\t\t\t<\/div>\n\t\t<\/section>\n\t\t<div class=\"elementor-element elementor-element-dbb80dc e-flex e-con-boxed e-con e-parent\" data-id=\"dbb80dc\" data-element_type=\"container\" data-e-type=\"container\">\n\t\t\t\t\t<div class=\"e-con-inner\">\n\t\t\t\t<div class=\"elementor-element elementor-element-839aef1 elementor-widget elementor-widget-nuss-image-gallery\" data-id=\"839aef1\" data-element_type=\"widget\" data-e-type=\"widget\" data-widget_type=\"nuss-image-gallery.default\">\n\t\t\t\t<div class=\"elementor-widget-container\">\n\t\t\t\t\t\t\t<div class=\"nuss-grid-wrapper\" data-grid=\"{&quot;type&quot;:&quot;grid&quot;,&quot;ratio&quot;:null,&quot;columns&quot;:3,&quot;gutter&quot;:30}\">\r\n\t\t\t<div class=\"nuss-grid lazy-grid\">\r\n\t\t\t\t<div class=\"grid-sizer\"><\/div>\r\n\r\n\t\t\t\t\t\t\t\t\t\t\t\t<div class=\"grid-item\">\r\n\t\t\t\t\t\t<div class=\"nuss-box\">\t\t<div class=\"nuss-image image\">\r\n\t\t\t<img decoding=\"async\"  src=\"https:\/\/beijingwandavistahotel.com\/wp-content\/uploads\/2025\/07\/Beijing-Wanda-Vista-Hotel-58.webp\" alt=\"Beijing Wanda Vista Hotel (58)\" \/>\t\t<\/div>\r\n\t\t\t\t<\/div>\t\t\t\t\t<\/div>\r\n\t\t\t\t\t\t<div class=\"grid-item\">\r\n\t\t\t\t\t\t<div class=\"nuss-box\">\t\t<div class=\"nuss-image image\">\r\n\t\t\t<img decoding=\"async\"  src=\"https:\/\/beijingwandavistahotel.com\/wp-content\/uploads\/2025\/07\/Beijing-Wanda-Vista-Hotel-56.webp\" alt=\"Beijing Wanda Vista Hotel (56)\" \/>\t\t<\/div>\r\n\t\t\t\t<\/div>\t\t\t\t\t<\/div>\r\n\t\t\t\t\t\t<div class=\"grid-item\">\r\n\t\t\t\t\t\t<div class=\"nuss-box\">\t\t<div class=\"nuss-image image\">\r\n\t\t\t<img decoding=\"async\"  src=\"https:\/\/beijingwandavistahotel.com\/wp-content\/uploads\/2025\/07\/Beijing-Wanda-Vista-Hotel-55.webp\" alt=\"Beijing Wanda Vista Hotel (55)\" \/>\t\t<\/div>\r\n\t\t\t\t<\/div>\t\t\t\t\t<\/div>\r\n\t\t\t\t\t\t<div class=\"grid-item\">\r\n\t\t\t\t\t\t<div class=\"nuss-box\">\t\t<div class=\"nuss-image image\">\r\n\t\t\t<img decoding=\"async\"  src=\"https:\/\/beijingwandavistahotel.com\/wp-content\/uploads\/2025\/07\/Beijing-Wanda-Vista-Hotel-52.webp\" alt=\"Beijing Wanda Vista Hotel (52)\" \/>\t\t<\/div>\r\n\t\t\t\t<\/div>\t\t\t\t\t<\/div>\r\n\t\t\t\t\t\t<div class=\"grid-item\">\r\n\t\t\t\t\t\t<div class=\"nuss-box\">\t\t<div class=\"nuss-image image\">\r\n\t\t\t<img decoding=\"async\"  src=\"https:\/\/beijingwandavistahotel.com\/wp-content\/uploads\/2025\/07\/Beijing-Wanda-Vista-Hotel-49.webp\" alt=\"Beijing Wanda Vista Hotel (49)\" \/>\t\t<\/div>\r\n\t\t\t\t<\/div>\t\t\t\t\t<\/div>\r\n\t\t\t\t\t\t<div class=\"grid-item\">\r\n\t\t\t\t\t\t<div class=\"nuss-box\">\t\t<div class=\"nuss-image image\">\r\n\t\t\t<img decoding=\"async\"  src=\"https:\/\/beijingwandavistahotel.com\/wp-content\/uploads\/2025\/07\/Beijing-Wanda-Vista-Hotel-65.webp\" alt=\"Beijing Wanda Vista Hotel (65)\" \/>\t\t<\/div>\r\n\t\t\t\t<\/div>\t\t\t\t\t<\/div>\r\n\t\t\t\t\t\t\t\r\n\t\t\t<\/div>\r\n\t\t<\/div>\r\n\t\t\t\t\t\t<\/div>\n\t\t\t\t<\/div>\n\t\t\t\t\t<\/div>\n\t\t\t\t<\/div>\n\t\t<div class=\"elementor-element elementor-element-d0603cd e-flex e-con-boxed e-con e-parent\" data-id=\"d0603cd\" data-element_type=\"container\" data-e-type=\"container\">\n\t\t\t\t\t<div class=\"e-con-inner\">\n\t\t\t\t<div class=\"elementor-element elementor-element-613be68 elementor-widget elementor-widget-text-editor\" data-id=\"613be68\" data-element_type=\"widget\" data-e-type=\"widget\" data-widget_type=\"text-editor.default\">\n\t\t\t\t\t\t\t\t\t<p data-spm-anchor-id=\"a2ty_o01.29997173.0.i42.54d8c921Is5liz\">El hotel cuenta con una variada selecci\u00f3n de restaurantes, cada uno con una experiencia gastron\u00f3mica \u00fanica. Entre sus atractivos destacan:<\/p><h3><strong>Yuehua Kitchen: aut\u00e9ntica comida china en el sexto piso <\/strong><\/h3><p data-spm-anchor-id=\"a2ty_o01.29997173.0.i38.54d8c921Is5liz\">Una de las joyas ocultas del hotel, Yuehua Kitchen sirve <strong>aut\u00e9ntica cocina regional china <\/strong>, con un men\u00fa especial de temporada que incluye sopas nutritivas perfectas para el oto\u00f1o. Ya sean los delicados sabores de <strong>Dim sum canton\u00e9s <\/strong>, las especias atrevidas de <strong>Ollas calientes de Sichuan <\/strong>, o la refinada elegancia de <strong>Mariscos de Huaiyang <\/strong>, cada plato est\u00e1 elaborado con precisi\u00f3n y tradici\u00f3n.<\/p><p>Los hu\u00e9spedes elogian el <strong>Ambiente elegante y servicio atento. <\/strong>, por lo que es ideal tanto para almuerzos de negocios como para cenas familiares.<\/p><h3><strong>Wan How \u2013 Restaurante de asado y parrilla exclusivo <\/strong><\/h3><p data-spm-anchor-id=\"a2ty_o01.29997173.0.i41.54d8c921Is5liz\">Para los amantes de <strong>Barbacoa china y delicias asadas <\/strong>Wan How ofrece una deliciosa selecci\u00f3n de <strong>Pato Pek\u00edn, ternera marinada, cordero fresco y mariscos. <\/strong>Preparados por chefs expertos de diferentes regiones de China. El restaurante se enorgullece de utilizar t\u00e9cnicas culinarias tradicionales con una presentaci\u00f3n contempor\u00e1nea.<\/p><p>Este es el lugar perfecto para los hu\u00e9spedes que quieran probar la aut\u00e9ntica <strong>Platos al estilo del noroeste y de Guangdong <\/strong> en un ambiente c\u00e1lido y acogedor.<\/p><h3><strong>Cafe Vista \u2013 Comida internacional todo el d\u00eda <\/strong><\/h3><p>Ubicado dentro de las instalaciones del hotel, <strong>Caf\u00e9 Vista <\/strong> Ofrece un amplio buffet y un men\u00fa a la carta con <strong>favoritos mundiales <\/strong>Desde pastas italianas y reposter\u00eda francesa hasta sushi japon\u00e9s y mezze de Oriente Medio. Con su concepto de cocina abierta y estaciones de cocina en vivo, los comensales pueden observar c\u00f3mo los chefs preparan sus platos ante sus ojos.<\/p><p data-spm-anchor-id=\"a2ty_o01.29997173.0.i40.54d8c921Is5liz\">Es un favorito entre <strong>Tanto viajeros de negocios como familias <\/strong>, elogiado por su <strong>Variedad, calidad y un ambiente vibrante pero confortable. <\/strong>.<\/p>\t\t\t\t\t\t\t\t<\/div>\n\t\t\t\t\t<\/div>\n\t\t\t\t<\/div>\n\t\t<div class=\"elementor-element elementor-element-5b3b8b2 e-flex e-con-boxed e-con e-parent\" data-id=\"5b3b8b2\" data-element_type=\"container\" data-e-type=\"container\">\n\t\t\t\t\t<div class=\"e-con-inner\">\n\t\t\t\t<div class=\"elementor-element elementor-element-e0373c0 elementor-widget elementor-widget-text-editor\" data-id=\"e0373c0\" data-element_type=\"widget\" data-e-type=\"widget\" data-widget_type=\"text-editor.default\">\n\t\t\t\t\t\t\t\t\t<h2 data-spm-anchor-id=\"a2ty_o01.29997173.0.i43.54d8c921Is5liz\">\u2615 Lobby Lounge &amp; Bar: donde la elegancia se une a la comodidad<\/h2><p>Para aquellos que buscan relajarse despu\u00e9s de un largo d\u00eda de turismo o reuniones corporativas, el <strong>Sal\u00f3n del vest\u00edbulo <\/strong> Ofrece un ambiente relajante con m\u00fasica suave de fondo, asientos lujosos y un men\u00fa seleccionado de <strong data-spm-anchor-id=\"a2ty_o01.29997173.0.i45.54d8c921Is5liz\">T\u00e9s finos, vinos importados y c\u00f3cteles de autor. <\/strong>Es el lugar perfecto para disfrutar de un tranquilo t\u00e9 por la tarde o reunirse con colegas para conversar informalmente mientras toman algo.<\/p><p>Especialidades de temporada como <strong>tartas de huevo calientes e infusiones de hierbas especiadas <\/strong> A menudo aparecen im\u00e1genes que a\u00f1aden un toque de calidez y nostalgia a su estancia.<\/p><div class=\"py-2 my-3\"><hr \/><\/div><h2>Cenas privadas y ocasiones especiales<\/h2><p>El Beijing Wanda Vista Hotel tambi\u00e9n ofrece <strong>Comedores semiprivados y totalmente privados <\/strong>Ideal para celebraciones \u00edntimas, almuerzos ejecutivos o cenas rom\u00e1nticas. Estos espacios combinan <strong>Decoraci\u00f3n de lujo con servicio personalizado. <\/strong>, asegurando que cada ocasi\u00f3n sea exclusiva y memorable.<\/p><p>Ya sea un <strong>fiesta de cumplea\u00f1os, cena de aniversario o recepci\u00f3n VIP <\/strong>El equipo de catering especializado del hotel trabaja en estrecha colaboraci\u00f3n con los hu\u00e9spedes para personalizar los men\u00fas y el ambiente seg\u00fan las preferencias individuales.<\/p><div class=\"py-2 my-3\"><hr \/><\/div><h2>\ud83c\udf1f Por qu\u00e9 a los hu\u00e9spedes les encantan nuestros restaurantes<\/h2><ul><li><strong>Variedad excepcional <\/strong> de cocinas en m\u00faltiples lugares<\/li><li><strong>Ingredientes de alta calidad <\/strong> y equipos culinarios cualificados<\/li><li><strong>Interiores elegantes <\/strong> y vistas panor\u00e1micas de la ciudad desde pisos selectos<\/li><li><strong>Rese\u00f1as consistentemente positivas <\/strong> Por el sabor, el servicio y el ambiente<\/li><\/ul><ul><li><strong>Perfecto para viajeros solitarios, parejas y grupos grandes. <\/strong><\/li><\/ul><p>Los hu\u00e9spedes han mencionado con frecuencia que \u201cla comida siempre fue excelente\u201d y elogian la <strong>tartas de huevo en el sal\u00f3n <\/strong>, el <strong>pato asado en Wan How <\/strong>, y el <strong>C\u00f3modo flujo interior-exterior del Caf\u00e9 Vista <\/strong>.<\/p><div class=\"py-2 my-3\"><hr \/><\/div><h2>\ud83d\udccd Ubicaci\u00f3n y accesibilidad<\/h2><p>Dada su ubicaci\u00f3n privilegiada en el <strong>CBD <\/strong>, a solo unos minutos de <strong>Sanlitun, parque Tuanjiehu y sede de CCTV <\/strong>El Hotel Beijing Wanda Vista es un destino conveniente tanto para residentes locales como para turistas. Ya sea que se aloje por la noche o simplemente est\u00e9 de visita para almorzar o cenar, la proximidad del hotel a... <strong>transporte p\u00fablico y principales lugares de inter\u00e9s <\/strong> garantiza un f\u00e1cil acceso.<\/p><p>Si vas a conducir, aseg\u00farate <strong>Opciones de valet parking y de autoservicio <\/strong> Est\u00e1n disponibles en el sitio.<\/p><div class=\"py-2 my-3\"><hr \/><\/div><h2>\u2705 Reflexiones finales: M\u00e1s que una simple comida<\/h2><p data-spm-anchor-id=\"a2ty_o01.29997173.0.i46.54d8c921Is5liz\">Cenar en <strong>Hotel Wanda Vista de Pek\u00edn <\/strong> No se trata solo de saciar el hambre, sino de sumergirse en la rica herencia culinaria de China mientras disfruta de las comodidades de la hospitalidad moderna. Con su <strong>restaurantes excepcionales, chefs talentosos y espacios cuidadosamente dise\u00f1ados <\/strong>, cada comida se convierte en una celebraci\u00f3n de la cultura, la artesan\u00eda y la conexi\u00f3n.<\/p>\t\t\t\t\t\t\t\t<\/div>\n\t\t\t\t\t<\/div>\n\t\t\t\t<\/div>\n\t\t\t\t<\/div>","protected":false},"excerpt":{"rendered":"<p>Experience the art of fine dining at Beijing Wanda Vista Hotel , where culinary excellence meets elegant ambiance in the heart of Beijing\u2019s bustling Central Business District (CBD) . Located at Tower C, Wanda Plaza, 93 Jianguo Road, Chaoyang District (100022) , this five-star hotel is not only known for its luxurious accommodations but also [&hellip;]<\/p>\n","protected":false},"author":1,"featured_media":0,"parent":0,"menu_order":0,"comment_status":"closed","ping_status":"closed","template":"elementor_header_footer","meta":{"footnotes":""},"class_list":["post-612","page","type-page","status-publish","hentry","post-no-thumbnail"],"_links":{"self":[{"href":"https:\/\/beijingwandavistahotel.com\/es\/wp-json\/wp\/v2\/pages\/612","targetHints":{"allow":["GET"]}}],"collection":[{"href":"https:\/\/beijingwandavistahotel.com\/es\/wp-json\/wp\/v2\/pages"}],"about":[{"href":"https:\/\/beijingwandavistahotel.com\/es\/wp-json\/wp\/v2\/types\/page"}],"author":[{"embeddable":true,"href":"https:\/\/beijingwandavistahotel.com\/es\/wp-json\/wp\/v2\/users\/1"}],"replies":[{"embeddable":true,"href":"https:\/\/beijingwandavistahotel.com\/es\/wp-json\/wp\/v2\/comments?post=612"}],"version-history":[{"count":0,"href":"https:\/\/beijingwandavistahotel.com\/es\/wp-json\/wp\/v2\/pages\/612\/revisions"}],"wp:attachment":[{"href":"https:\/\/beijingwandavistahotel.com\/es\/wp-json\/wp\/v2\/media?parent=612"}],"curies":[{"name":"wp","href":"https:\/\/api.w.org\/{rel}","templated":true}]}}